{"id":290026,"date":"2025-11-19T17:28:22","date_gmt":"2025-11-19T17:28:22","guid":{"rendered":"https:\/\/staging.healthyhead.dk\/?post_type=product&#038;p=290026"},"modified":"2025-11-19T19:35:50","modified_gmt":"2025-11-19T19:35:50","slug":"zao-daring-multi-purpose-laeppenna-rod","status":"publish","type":"product","link":"https:\/\/staging.healthyhead.dk\/sv\/produkt\/zao-daring-multi-purpose-laeppenna-rod\/","title":{"rendered":"ZAO, Daring multifunktionspenna, r\u00f6d l\u00e4ppenna, THE Rouge"},"content":{"rendered":"","protected":false},"excerpt":{"rendered":"<p><img decoding=\"async\" class=\"\" src=\"\/wp-content\/uploads\/2024\/08\/Ingen-kemi.svg\" alt=\"\" width=\"45\" height=\"45\">Inga hormonst\u00f6rande \u00e4mnen<\/p>\n<p><img decoding=\"async\" class=\"\" src=\"\/wp-content\/uploads\/2024\/08\/Ingen-allergifremkaldende.svg\" alt=\"\" width=\"46\" height=\"46\">Inga allergiframkallande \u00e4mnen<\/p>\n<p><img decoding=\"async\" class=\"\" src=\"\/wp-content\/uploads\/2024\/08\/Ingen-miljoebelastende.svg\" width=\"46\" height=\"46\">Inga milj\u00f6belastande \u00e4mnen<\/p>\n<p><img loading=\"lazy\" decoding=\"async\" class=\"\" src=\"\/wp-content\/uploads\/2024\/08\/indeholder-parfume.svg\" width=\"46\" height=\"46\">Inneh\u00e5ller en mycket liten m\u00e4ngd allergiv\u00e4nlig och 100 % naturlig doft<\/p>\n<p>&nbsp;<\/p>\n[cg_accordion title=\"Produktbeskrivning\" open=\"open\"]<\/p>\n<p>V\u00e5r r\u00f6da l\u00e4ppenna ut\u00f6kar sortimentet av dj\u00e4rva r\u00f6da nyanser i Daring-serien och ger intensivt r\u00f6da l\u00e4ppar. Den kan anv\u00e4ndas ensam eller tillsammans med l\u00e4ppstift, l\u00e4ppglans eller lip polish. Den f\u00f6rl\u00e4nger h\u00e5llbarheten p\u00e5 l\u00e4ppmakeup och f\u00f6rhindrar att den flyter ut. Perfekt f\u00f6r att definiera l\u00e4ppkonturen och skapa extra volym p\u00e5 l\u00e4pparna.<\/p>\n<ul>\n<li>Intensiv, precis och felfri definition av l\u00e4pparna<\/li>\n<li>F\u00f6rl\u00e4nger h\u00e5llbarheten p\u00e5 all l\u00e4ppmakeup (l\u00e4ppstift, lip polish, l\u00e4ppglans)<\/li>\n<li>F\u00f6rhindrar att l\u00e4ppf\u00e4rgen flyter ut eller smetar<\/li>\n<li>Kan anv\u00e4ndas ensam eller som komplement till andra produkter<\/li>\n<li>Perfekt f\u00f6r att forma och framh\u00e4va l\u00e4ppkonturen<\/li>\n<li>Framh\u00e4ver och understryker l\u00e4pparnas fyllighet<\/li>\n<\/ul>\n<p>[\/cg_accordion]\n<p>[cg_accordion title=\"Anv\u00e4ndningstips\"]Rita l\u00e4pparnas kontur genom att b\u00f6rja vid amorb\u00e5gen och arbeta ut\u00e5t mot mungiporna.<br \/>\nF\u00f6r extra precision kan du tona ut pennan med Lip Brush 708.[\/cg_accordion][cg_accordion title=\"Ingredienser\"] <b>Carnaubavax<\/b><br \/>\nUtvunnet ur bladen fr\u00e5n en palmart som \u00e4r inhemsk i Brasilien, fungerar detta vax som ett filmbildande medel som skyddar dina fransar genom att skapa en sammanh\u00e4ngande film som f\u00f6rb\u00e4ttrar makeupens h\u00e5llbarhet.<br \/>\n&nbsp;<br \/>\n<b>INCI-lista: <\/b>Ingredienser av naturligt ursprung: 78,9%.<br \/>\nPenna 568 (F1): Octyldodecyl Stearoyl Stearate, Cocos Nucifera (Kokosn\u00f6t) Olja, C10-18 Triglycerides, Hydrogenated Vegetable Oil, Copernicia Cerifera (Carnauba) Vax, Euphorbia Cerifera (Candelilla) Vax, Polyglyceryl-3 Diisostearate, Mica, Oryzanol, Tocopherol, Glyceryl Caprylate, CI 15850 (Red 7 Lake), CI 19140 (Yellow 5 Lake), CI 77891 (Titanium Dioxide).<\/p>\n<p>[\/cg_accordion]<\/p>\n","protected":false},"featured_media":290108,"template":"","meta":{"_acf_changed":false},"product_brand":[565],"product_cat":[852],"product_tag":[],"class_list":{"0":"post-290026","1":"product","2":"type-product","3":"status-publish","4":"has-post-thumbnail","6":"product_brand-zao","7":"product_cat-laeppar","9":"first","10":"instock","11":"taxable","12":"shipping-taxable","13":"purchasable","14":"product-type-simple"},"acf":[],"jetpack_sharing_enabled":true,"_links":{"self":[{"href":"https:\/\/staging.healthyhead.dk\/sv\/wp-json\/wp\/v2\/product\/290026","targetHints":{"allow":["GET"]}}],"collection":[{"href":"https:\/\/staging.healthyhead.dk\/sv\/wp-json\/wp\/v2\/product"}],"about":[{"href":"https:\/\/staging.healthyhead.dk\/sv\/wp-json\/wp\/v2\/types\/product"}],"version-history":[{"count":0,"href":"https:\/\/staging.healthyhead.dk\/sv\/wp-json\/wp\/v2\/product\/290026\/revisions"}],"wp:featuredmedia":[{"embeddable":true,"href":"https:\/\/staging.healthyhead.dk\/sv\/wp-json\/wp\/v2\/media\/290108"}],"wp:attachment":[{"href":"https:\/\/staging.healthyhead.dk\/sv\/wp-json\/wp\/v2\/media?parent=290026"}],"wp:term":[{"taxonomy":"product_brand","embeddable":true,"href":"https:\/\/staging.healthyhead.dk\/sv\/wp-json\/wp\/v2\/product_brand?post=290026"},{"taxonomy":"product_cat","embeddable":true,"href":"https:\/\/staging.healthyhead.dk\/sv\/wp-json\/wp\/v2\/product_cat?post=290026"},{"taxonomy":"product_tag","embeddable":true,"href":"https:\/\/staging.healthyhead.dk\/sv\/wp-json\/wp\/v2\/product_tag?post=290026"}],"curies":[{"name":"wp","href":"https:\/\/api.w.org\/{rel}","templated":true}]}}