{"id":265349,"date":"2024-08-20T11:59:36","date_gmt":"2024-08-20T11:59:36","guid":{"rendered":"https:\/\/new.healthyhead.dk\/vare\/zenz-conditioner-sweet-sense-no-05-250-ml\/"},"modified":"2025-07-10T09:53:12","modified_gmt":"2025-07-10T09:53:12","slug":"zenz-conditioner-sweet-sense-no-05-250-ml","status":"publish","type":"product","link":"https:\/\/staging.healthyhead.dk\/sv\/produkt\/zenz-conditioner-sweet-sense-no-05-250-ml\/","title":{"rendered":"Zenz, Balsam Sweet Sense No. 05, 250 ml"},"content":{"rendered":"","protected":false},"excerpt":{"rendered":"<p><img decoding=\"async\" class=\"\" src=\"\/wp-content\/uploads\/2024\/08\/Ingen-kemi.svg\" alt=\"Inga hormonst\u00f6rande \u00e4mnen\" width=\"45\" height=\"45\">Inga hormonst\u00f6rande \u00e4mnen<\/p>\n<p><img decoding=\"async\" class=\"\" src=\"\/wp-content\/uploads\/2024\/08\/Ingen-allergifremkaldende.svg\" alt=\"Icke allergiframkallande\" width=\"46\" height=\"46\">Inga allergiframkallande \u00e4mnen<\/p>\n<p><img decoding=\"async\" class=\"\" src=\"\/wp-content\/uploads\/2024\/08\/Ingen-miljoebelastende.svg\" alt=\"Ingen milj\u00f6p\u00e5verkan\" width=\"46\" height=\"46\">Inga milj\u00f6farliga \u00e4mnen<\/p>\n<p><img loading=\"lazy\" decoding=\"async\" class=\"\" src=\"\/wp-content\/uploads\/2024\/08\/indeholder-parfume.svg\" alt=\"inneh\u00e5ller parfym\" width=\"46\" height=\"46\">Inneh\u00e5ller parfym som uppfyller kraven f\u00f6r den nordiska milj\u00f6m\u00e4rkningen Svanen<\/p>\n<p>&nbsp;<\/p>\n[cg_accordion title=\"Beskrivning\" open=\"open\"]<\/p>\n<p>Sweet Sense No. 05 Conditioner fr\u00e5n Zenz Organic \u00e4r ett danskt ekologiskt och Svanenm\u00e4rkt balsam. Njut av en s\u00f6t, somrig doft av bergamott och apelsinblomma medan h\u00e5ret v\u00e5rdas med ekologiskt renad aloe vera, ekologiskt glycerin och ekologisk kallpressad avokadoolja. <\/p>\n<ul>\n<li><b>Svanenm\u00e4rkt<\/b> och <b>ekologiskt certifierat<\/b> balsam fr\u00e5n danska Zenz Organic<\/li>\n<li>Balsamet berikar h\u00e5ret med vitaminer och mineraler som <b>mjukg\u00f6r, skyddar och \u00e5terfuktar<\/b><\/li>\n<li>H\u00e5ret l\u00e4mnas friskt, gl\u00e4nsande och <b>l\u00e4tt att kamma ut<\/b><\/li>\n<li>Inneh\u00e5ller ekologisk renad <b>aloe vera<\/b>, ekologiskt <b>glycerin<\/b> och ekologisk kallpressad <b>avokadoolja<\/b><\/li>\n<li>Ger en somrig <b>doft av bergamott och apelsinblomma<\/b><\/li>\n<li><b>Specialegenskaper<\/b>: F\u00e4rgbevarande, silikonfri, ger styrka till fint h\u00e5r.<\/li>\n<\/ul>\n<p><img loading=\"lazy\" decoding=\"async\" class=\"alignnone size-full wp-image-8764\" src=\"\/wp-content\/uploads\/2024\/08\/certificeringer_zenz.jpg\" alt=\"\" width=\"480\" height=\"91\" srcset=\"https:\/\/staging.healthyhead.dk\/wp-content\/uploads\/2024\/08\/certificeringer_zenz.jpg 480w, https:\/\/staging.healthyhead.dk\/wp-content\/uploads\/2024\/08\/certificeringer_zenz-300x57.jpg 300w, https:\/\/staging.healthyhead.dk\/wp-content\/uploads\/2024\/08\/certificeringer_zenz-441x84.jpg 441w, https:\/\/staging.healthyhead.dk\/wp-content\/uploads\/2024\/08\/certificeringer_zenz-150x28.jpg 150w\" sizes=\"(max-width: 480px) 100vw, 480px\" \/><br \/>\n[\/cg_accordion]\n[cg_accordion title=\"Tips f\u00f6r anv\u00e4ndning\"]<\/p>\n<ul>\n<li>Anv\u00e4nd efter h\u00e5rtv\u00e4tt.<\/li>\n<li>Applicera balsamet i v\u00e5tt h\u00e5r och l\u00e5t det verka i ca 2 minuter, sk\u00f6lj sedan noggrant.<\/li>\n<li>F\u00f6r mycket skadat h\u00e5r, l\u00e5t det verka l\u00e4ngre och kombinera det med <a href=\"https:\/\/staging.healthyhead.dk\/index.php\/vare\/zenz-treatment-pure-no-03-250-ml\/\">Pure Treatment No. 03<\/a><\/li>\n<\/ul>\n<p>[\/cg_accordion]\n[cg_accordion title=\"Ingredienser\"]<\/p>\n<p>Balsam Sweet Sense no. 05 inneh\u00e5ller ekologisk renad aloe vera, ekologiskt glycerin och ekologisk kallpressad avokadoolja. <\/p>\n<p><b>Ekologisk renad aloe vera.<\/b>  Aloe vera gel\u00e9 inneh\u00e5ller 75 viktiga vitaminer och mineraler och har utm\u00e4rkta hud- och h\u00e5rv\u00e5rdande egenskaper. Hj\u00e4lper till att \u00f6ka blodcirkulationen och bibeh\u00e5lla hudens fukt. Aloe vera lugnar rodnad och kl\u00e5da och har d\u00e4rf\u00f6r ocks\u00e5 en god effekt p\u00e5 h\u00e5rbotten.  <\/p>\n<p><b>Ekologiskt glycerin<\/b> \u00e5terfuktar och mjukg\u00f6r. \u00c4r en naturlig best\u00e5ndsdel i fetter och oljor. Bibeh\u00e5ller hudens och h\u00e5rets naturliga fuktbalans och f\u00f6rb\u00e4ttrar elasticiteten.  <\/p>\n<p><b>Ekologisk kallpressad avokadoolja<\/b> inneh\u00e5ller en rad mineraler samt vitamin A, B1, B2, D och E. Den har utm\u00e4rkta fuktgivande och n\u00e4rande egenskaper och \u00e4r effektiv f\u00f6r torr och uttorkad hud samt bra f\u00f6r h\u00e5rbotten. G\u00f6r h\u00e5r och hud sl\u00e4tare och mjukare. <\/p>\n<p><b>INCI-lista<\/b> Aloe Barbadensis Leaf Extra*, Cetearyl Alcohol, Glycerin**, Behenamidopropyl Dimethylamine, Aqua, Lactic Acid, Persea Gratissima Oil*, Sodium Levulinate, Parfum, Potassium Sorbate.<\/p>\n<p>*Organiskt ursprung. **Tillverkad av ekologiska ingredienser. Ekologiskt certifierad enligt EG 834\/2007.<\/p>\n<p>99% av den totala produkten \u00e4r av naturligt ursprung.<br \/>\n87% av de totala ingredienserna \u00e4r ekologiskt certifierade.<\/p>\n<p>pH 3,5-4,5<\/p>\n<p>[\/cg_accordion]\n","protected":false},"featured_media":253667,"template":"","meta":{"_acf_changed":false},"product_brand":[573],"product_cat":[629],"product_tag":[],"class_list":{"0":"post-265349","1":"product","2":"type-product","3":"status-publish","4":"has-post-thumbnail","6":"product_brand-zenz","7":"product_cat-balsam-haarkur","9":"first","10":"instock","11":"taxable","12":"shipping-taxable","13":"purchasable","14":"product-type-simple"},"acf":[],"jetpack_sharing_enabled":true,"_links":{"self":[{"href":"https:\/\/staging.healthyhead.dk\/sv\/wp-json\/wp\/v2\/product\/265349","targetHints":{"allow":["GET"]}}],"collection":[{"href":"https:\/\/staging.healthyhead.dk\/sv\/wp-json\/wp\/v2\/product"}],"about":[{"href":"https:\/\/staging.healthyhead.dk\/sv\/wp-json\/wp\/v2\/types\/product"}],"version-history":[{"count":0,"href":"https:\/\/staging.healthyhead.dk\/sv\/wp-json\/wp\/v2\/product\/265349\/revisions"}],"wp:featuredmedia":[{"embeddable":true,"href":"https:\/\/staging.healthyhead.dk\/sv\/wp-json\/wp\/v2\/media\/253667"}],"wp:attachment":[{"href":"https:\/\/staging.healthyhead.dk\/sv\/wp-json\/wp\/v2\/media?parent=265349"}],"wp:term":[{"taxonomy":"product_brand","embeddable":true,"href":"https:\/\/staging.healthyhead.dk\/sv\/wp-json\/wp\/v2\/product_brand?post=265349"},{"taxonomy":"product_cat","embeddable":true,"href":"https:\/\/staging.healthyhead.dk\/sv\/wp-json\/wp\/v2\/product_cat?post=265349"},{"taxonomy":"product_tag","embeddable":true,"href":"https:\/\/staging.healthyhead.dk\/sv\/wp-json\/wp\/v2\/product_tag?post=265349"}],"curies":[{"name":"wp","href":"https:\/\/api.w.org\/{rel}","templated":true}]}}