{"id":297014,"date":"2024-12-11T09:40:22","date_gmt":"2024-12-11T09:40:22","guid":{"rendered":"https:\/\/staging.healthyhead.dk\/vare\/support-ukraine-flag-klistermaerke-til-bil-bumper-sticker\/"},"modified":"2026-01-07T14:22:07","modified_gmt":"2026-01-07T14:22:07","slug":"stand-with-ukraine-flag-autoaufkleber-bumper-sticker","status":"publish","type":"product","link":"https:\/\/staging.healthyhead.dk\/de\/produkt\/stand-with-ukraine-flag-autoaufkleber-bumper-sticker\/","title":{"rendered":"Stand With Ukraine Flag, Aufkleber f\u00fcr Autoaufkleber, Bumper Sticker"},"content":{"rendered":"","protected":false},"excerpt":{"rendered":"<p><img decoding=\"async\" class=\"alignnone wp-image-12794\" src=\"\/wp-content\/uploads\/2024\/12\/Denmark-USP.webp\" alt=\"\" width=\"48\" height=\"46\">D\u00e4nischer Qualit\u00e4tsdruck<\/p>\n<p><img decoding=\"async\" class=\"alignnone wp-image-12793\" src=\"\/wp-content\/uploads\/2024\/12\/Bil-groen-Usp-cirkel-300x293.png\" alt=\"\" width=\"47\" height=\"46\" srcset=\"https:\/\/staging.healthyhead.dk\/wp-content\/uploads\/2024\/12\/Bil-groen-Usp-cirkel-300x293.png 300w, https:\/\/staging.healthyhead.dk\/wp-content\/uploads\/2024\/12\/Bil-groen-Usp-cirkel-1024x1000.png 1024w, https:\/\/staging.healthyhead.dk\/wp-content\/uploads\/2024\/12\/Bil-groen-Usp-cirkel-150x146.png 150w, https:\/\/staging.healthyhead.dk\/wp-content\/uploads\/2024\/12\/Bil-groen-Usp-cirkel-768x750.png 768w, https:\/\/staging.healthyhead.dk\/wp-content\/uploads\/2024\/12\/Bil-groen-Usp-cirkel-1536x1500.png 1536w, https:\/\/staging.healthyhead.dk\/wp-content\/uploads\/2024\/12\/Bil-groen-Usp-cirkel-2048x1999.png 2048w, https:\/\/staging.healthyhead.dk\/wp-content\/uploads\/2024\/12\/Bil-groen-Usp-cirkel-990x967.png 990w, https:\/\/staging.healthyhead.dk\/wp-content\/uploads\/2024\/12\/Bil-groen-Usp-cirkel-441x431.png 441w, https:\/\/staging.healthyhead.dk\/wp-content\/uploads\/2024\/12\/Bil-groen-Usp-cirkel-100x100.png 100w, https:\/\/staging.healthyhead.dk\/wp-content\/uploads\/2024\/12\/Bil-groen-Usp-cirkel-800x781.png 800w\" sizes=\"(max-width: 47px) 100vw, 47px\" \/>F\u00fcr Autos bestimmte Folie<\/p>\n<p><img decoding=\"async\" class=\"alignnone wp-image-12795\" src=\"\/wp-content\/uploads\/2024\/12\/Sticker-groen-Usp-cirkel-300x293.png\" alt=\"\" width=\"47\" height=\"46\" srcset=\"https:\/\/staging.healthyhead.dk\/wp-content\/uploads\/2024\/12\/Sticker-groen-Usp-cirkel-300x293.png 300w, https:\/\/staging.healthyhead.dk\/wp-content\/uploads\/2024\/12\/Sticker-groen-Usp-cirkel-1024x1000.png 1024w, https:\/\/staging.healthyhead.dk\/wp-content\/uploads\/2024\/12\/Sticker-groen-Usp-cirkel-150x146.png 150w, https:\/\/staging.healthyhead.dk\/wp-content\/uploads\/2024\/12\/Sticker-groen-Usp-cirkel-768x750.png 768w, https:\/\/staging.healthyhead.dk\/wp-content\/uploads\/2024\/12\/Sticker-groen-Usp-cirkel-1536x1500.png 1536w, https:\/\/staging.healthyhead.dk\/wp-content\/uploads\/2024\/12\/Sticker-groen-Usp-cirkel-2048x1999.png 2048w, https:\/\/staging.healthyhead.dk\/wp-content\/uploads\/2024\/12\/Sticker-groen-Usp-cirkel-990x967.png 990w, https:\/\/staging.healthyhead.dk\/wp-content\/uploads\/2024\/12\/Sticker-groen-Usp-cirkel-441x431.png 441w, https:\/\/staging.healthyhead.dk\/wp-content\/uploads\/2024\/12\/Sticker-groen-Usp-cirkel-100x100.png 100w, https:\/\/staging.healthyhead.dk\/wp-content\/uploads\/2024\/12\/Sticker-groen-Usp-cirkel-800x781.png 800w\" sizes=\"(max-width: 47px) 100vw, 47px\" \/>H\u00e4lt bei Schnee und Schneeregen, ohne zu verblassen<\/p>\n<p>&nbsp;<\/p>\n[cg_accordion title=\"Beschreibung\" open=\"open\"]<\/p>\n<p>Zeigen Sie Ihre Unterst\u00fctzung f\u00fcr das ukrainische Volk und seinen Kampf f\u00fcr Freiheit mit diesem Aufkleber f\u00fcr Ihr Auto. Er wird in D\u00e4nemark auf spezieller Autofolie gedruckt. Die Autofolie bleibt auch bei Schnee und Eisregen haften, ohne zu verblassen. Wenn Sie den Aufkleber irgendwann nicht mehr an Ihrem Auto haben wollen, k\u00f6nnen Sie ihn ganz einfach wieder entfernen.   <\/p>\n<\/div>\n<ul>\n<li><b>Gedruckt in D\u00e4nemark auf<\/b><b>Spezialfolie f\u00fcr Autos<\/b><\/li>\n<li><strong>Allwettertauglichkeit ohne Ausbleichen<\/strong><\/li>\n<\/ul>\n<p>[\/cg_accordion]\n","protected":false},"featured_media":258274,"template":"","meta":{"_acf_changed":false},"product_brand":[],"product_cat":[708],"product_tag":[],"class_list":{"0":"post-297014","1":"product","2":"type-product","3":"status-publish","4":"has-post-thumbnail","6":"product_cat-ukraine-autoaufkleber","7":"pa_size-14x21-cm-de","8":"pa_size-5x8-cm-de","10":"first","11":"instock","12":"taxable","13":"shipping-taxable","14":"purchasable","15":"product-type-variable"},"acf":[],"jetpack_sharing_enabled":true,"_links":{"self":[{"href":"https:\/\/staging.healthyhead.dk\/de\/wp-json\/wp\/v2\/product\/297014","targetHints":{"allow":["GET"]}}],"collection":[{"href":"https:\/\/staging.healthyhead.dk\/de\/wp-json\/wp\/v2\/product"}],"about":[{"href":"https:\/\/staging.healthyhead.dk\/de\/wp-json\/wp\/v2\/types\/product"}],"version-history":[{"count":0,"href":"https:\/\/staging.healthyhead.dk\/de\/wp-json\/wp\/v2\/product\/297014\/revisions"}],"wp:featuredmedia":[{"embeddable":true,"href":"https:\/\/staging.healthyhead.dk\/de\/wp-json\/wp\/v2\/media\/258274"}],"wp:attachment":[{"href":"https:\/\/staging.healthyhead.dk\/de\/wp-json\/wp\/v2\/media?parent=297014"}],"wp:term":[{"taxonomy":"product_brand","embeddable":true,"href":"https:\/\/staging.healthyhead.dk\/de\/wp-json\/wp\/v2\/product_brand?post=297014"},{"taxonomy":"product_cat","embeddable":true,"href":"https:\/\/staging.healthyhead.dk\/de\/wp-json\/wp\/v2\/product_cat?post=297014"},{"taxonomy":"product_tag","embeddable":true,"href":"https:\/\/staging.healthyhead.dk\/de\/wp-json\/wp\/v2\/product_tag?post=297014"}],"curies":[{"name":"wp","href":"https:\/\/api.w.org\/{rel}","templated":true}]}}