{"id":296867,"date":"2025-04-13T13:16:52","date_gmt":"2025-04-13T13:16:52","guid":{"rendered":"https:\/\/staging.healthyhead.dk\/vare\/eu-flag-klistermaerke-til-bil-bumper-sticker-oe15\/"},"modified":"2026-01-07T14:09:20","modified_gmt":"2026-01-07T14:09:20","slug":"autoaufkleber-eu-flagge","status":"publish","type":"product","link":"https:\/\/staging.healthyhead.dk\/de\/produkt\/autoaufkleber-eu-flagge\/","title":{"rendered":"EU-Flagge, Autoaufkleber, Bumper Sticker"},"content":{"rendered":"","protected":false},"excerpt":{"rendered":"<p><img decoding=\"async\" class=\"alignnone wp-image-12794\" src=\"\/wp-content\/uploads\/2024\/12\/Denmark-USP.webp\" alt=\"\" width=\"48\" height=\"46\">D\u00e4nischer Qualit\u00e4tsdruck<\/p>\n<p><img decoding=\"async\" class=\"alignnone wp-image-12793\" src=\"\/wp-content\/uploads\/2024\/12\/Bil-groen-Usp-cirkel-300x293.png\" alt=\"\" width=\"47\" height=\"46\" srcset=\"https:\/\/staging.healthyhead.dk\/wp-content\/uploads\/2024\/12\/Bil-groen-Usp-cirkel-300x293.png 300w, https:\/\/staging.healthyhead.dk\/wp-content\/uploads\/2024\/12\/Bil-groen-Usp-cirkel-1024x1000.png 1024w, https:\/\/staging.healthyhead.dk\/wp-content\/uploads\/2024\/12\/Bil-groen-Usp-cirkel-150x146.png 150w, https:\/\/staging.healthyhead.dk\/wp-content\/uploads\/2024\/12\/Bil-groen-Usp-cirkel-768x750.png 768w, https:\/\/staging.healthyhead.dk\/wp-content\/uploads\/2024\/12\/Bil-groen-Usp-cirkel-1536x1500.png 1536w, https:\/\/staging.healthyhead.dk\/wp-content\/uploads\/2024\/12\/Bil-groen-Usp-cirkel-2048x1999.png 2048w, https:\/\/staging.healthyhead.dk\/wp-content\/uploads\/2024\/12\/Bil-groen-Usp-cirkel-990x967.png 990w, https:\/\/staging.healthyhead.dk\/wp-content\/uploads\/2024\/12\/Bil-groen-Usp-cirkel-441x431.png 441w, https:\/\/staging.healthyhead.dk\/wp-content\/uploads\/2024\/12\/Bil-groen-Usp-cirkel-100x100.png 100w, https:\/\/staging.healthyhead.dk\/wp-content\/uploads\/2024\/12\/Bil-groen-Usp-cirkel-800x781.png 800w\" sizes=\"(max-width: 47px) 100vw, 47px\" \/>F\u00fcr Autos bestimmte Folie<\/p>\n<p><img decoding=\"async\" class=\"alignnone wp-image-12795\" src=\"\/wp-content\/uploads\/2024\/12\/Sticker-groen-Usp-cirkel-300x293.png\" alt=\"\" width=\"47\" height=\"46\" srcset=\"https:\/\/staging.healthyhead.dk\/wp-content\/uploads\/2024\/12\/Sticker-groen-Usp-cirkel-300x293.png 300w, https:\/\/staging.healthyhead.dk\/wp-content\/uploads\/2024\/12\/Sticker-groen-Usp-cirkel-1024x1000.png 1024w, https:\/\/staging.healthyhead.dk\/wp-content\/uploads\/2024\/12\/Sticker-groen-Usp-cirkel-150x146.png 150w, https:\/\/staging.healthyhead.dk\/wp-content\/uploads\/2024\/12\/Sticker-groen-Usp-cirkel-768x750.png 768w, https:\/\/staging.healthyhead.dk\/wp-content\/uploads\/2024\/12\/Sticker-groen-Usp-cirkel-1536x1500.png 1536w, https:\/\/staging.healthyhead.dk\/wp-content\/uploads\/2024\/12\/Sticker-groen-Usp-cirkel-2048x1999.png 2048w, https:\/\/staging.healthyhead.dk\/wp-content\/uploads\/2024\/12\/Sticker-groen-Usp-cirkel-990x967.png 990w, https:\/\/staging.healthyhead.dk\/wp-content\/uploads\/2024\/12\/Sticker-groen-Usp-cirkel-441x431.png 441w, https:\/\/staging.healthyhead.dk\/wp-content\/uploads\/2024\/12\/Sticker-groen-Usp-cirkel-100x100.png 100w, https:\/\/staging.healthyhead.dk\/wp-content\/uploads\/2024\/12\/Sticker-groen-Usp-cirkel-800x781.png 800w\" sizes=\"(max-width: 47px) 100vw, 47px\" \/>H\u00e4lt bei Schnee und Schneeregen, ohne zu verblassen<\/p>\n<p>&nbsp;<\/p>\n[cg_accordion title=\"Beschreibung\" open=\"open\"]<\/p>\n<div class=\"woocommerce-product-details__short-description\">\n<p>Zeigen Sie Ihre Unterst\u00fctzung f\u00fcr Europa in einer Zeit, in der es mehr denn je zuvor notwendig ist, dass wir zusammenstehen, mit einem EU-Autoaufkleber f\u00fcr Ihr Auto. Er wird in D\u00e4nemark auf Spezialfolie f\u00fcr Autos gedruckt. Die Autofolie bleibt sowohl bei Schnee als auch bei Schneematsch haften, ohne zu verblassen. Wenn Sie den Aufkleber zu einem sp\u00e4teren Zeitpunkt nicht mehr auf dem Auto haben m\u00f6chten, l\u00e4sst er sich leicht wieder entfernen.   <\/p>\n<ul>\n<li><b>Gedruckt in D\u00e4nemark<\/b> auf <b>S<\/b><b>pezialfolie<\/b> f\u00fcr Autos<\/li>\n<li>Allwettertauglichkeit ohne Ausbleichen<\/li>\n<\/ul>\n<\/div>\n<p>[\/cg_accordion]\n","protected":false},"featured_media":260550,"template":"","meta":{"_acf_changed":false},"product_brand":[],"product_cat":[658],"product_tag":[],"class_list":{"0":"post-296867","1":"product","2":"type-product","3":"status-publish","4":"has-post-thumbnail","6":"product_cat-eu","7":"pa_size-oe15-cm-de","8":"pa_size-oe8-cm-de","10":"first","11":"instock","12":"taxable","13":"shipping-taxable","14":"purchasable","15":"product-type-variable"},"acf":[],"jetpack_sharing_enabled":true,"_links":{"self":[{"href":"https:\/\/staging.healthyhead.dk\/de\/wp-json\/wp\/v2\/product\/296867","targetHints":{"allow":["GET"]}}],"collection":[{"href":"https:\/\/staging.healthyhead.dk\/de\/wp-json\/wp\/v2\/product"}],"about":[{"href":"https:\/\/staging.healthyhead.dk\/de\/wp-json\/wp\/v2\/types\/product"}],"version-history":[{"count":0,"href":"https:\/\/staging.healthyhead.dk\/de\/wp-json\/wp\/v2\/product\/296867\/revisions"}],"wp:featuredmedia":[{"embeddable":true,"href":"https:\/\/staging.healthyhead.dk\/de\/wp-json\/wp\/v2\/media\/260550"}],"wp:attachment":[{"href":"https:\/\/staging.healthyhead.dk\/de\/wp-json\/wp\/v2\/media?parent=296867"}],"wp:term":[{"taxonomy":"product_brand","embeddable":true,"href":"https:\/\/staging.healthyhead.dk\/de\/wp-json\/wp\/v2\/product_brand?post=296867"},{"taxonomy":"product_cat","embeddable":true,"href":"https:\/\/staging.healthyhead.dk\/de\/wp-json\/wp\/v2\/product_cat?post=296867"},{"taxonomy":"product_tag","embeddable":true,"href":"https:\/\/staging.healthyhead.dk\/de\/wp-json\/wp\/v2\/product_tag?post=296867"}],"curies":[{"name":"wp","href":"https:\/\/api.w.org\/{rel}","templated":true}]}}