{"id":267834,"date":"2024-12-11T14:11:56","date_gmt":"2024-12-11T14:11:56","guid":{"rendered":"https:\/\/new.healthyhead.dk\/vare\/zao-bamboo-duo-fibre-foundation-brush-makeupborste-714\/"},"modified":"2025-09-06T14:16:13","modified_gmt":"2025-09-06T14:16:13","slug":"zao-bamboo-duo-fibre-foundation-brush-makeupborste-714","status":"publish","type":"product","link":"https:\/\/staging.healthyhead.dk\/de\/produkt\/zao-bamboo-duo-fibre-foundation-brush-makeupborste-714\/","title":{"rendered":"ZAO, Bamboo Duo Fibre Foundation Brush, Make-up-Pinsel, 714"},"content":{"rendered":"","protected":false},"excerpt":{"rendered":"<p><img decoding=\"async\" class=\"\" src=\"\/wp-content\/uploads\/2024\/09\/Miljoevenligt-bambus-ikon.svg\" alt=\"Umweltfreundlicher Bambus\" width=\"45\" height=\"45\">Umweltfreundlicher Bambus<\/p>\n<p>&nbsp;<\/p>\n[cg_accordion title=\"Beschreibung\" open=\"open\"]<\/p>\n<p>Veganer Make-up-Pinsel von ZAO mit einem Griff aus nachhaltigem Bambus, der zum restlichen ZAO-Sortiment passt. Perfekt zum Auftragen von Foundation. Die weichen Borsten des Pinsels sorgen f\u00fcr einen gleichm\u00e4\u00dfigen Auftrag mit einem diffusen und nat\u00fcrlichen Finish.  <\/p>\n<ul>\n<li>Perfekt f\u00fcr die Anwendung der <strong>Foundation<\/strong><\/li>\n<li>Vegan zertifiziert<\/li>\n<\/ul>\n<p>&nbsp;<\/p>\n<p>[\/cg_accordion]\n<p>&nbsp;<\/p>\n","protected":false},"featured_media":259010,"template":"","meta":{"_acf_changed":false},"product_brand":[564],"product_cat":[865],"product_tag":[],"class_list":{"0":"post-267834","1":"product","2":"type-product","3":"status-publish","4":"has-post-thumbnail","6":"product_brand-zao","7":"product_cat-make-up-pinsel","9":"first","10":"instock","11":"taxable","12":"shipping-taxable","13":"purchasable","14":"product-type-simple"},"acf":[],"jetpack_sharing_enabled":true,"_links":{"self":[{"href":"https:\/\/staging.healthyhead.dk\/de\/wp-json\/wp\/v2\/product\/267834","targetHints":{"allow":["GET"]}}],"collection":[{"href":"https:\/\/staging.healthyhead.dk\/de\/wp-json\/wp\/v2\/product"}],"about":[{"href":"https:\/\/staging.healthyhead.dk\/de\/wp-json\/wp\/v2\/types\/product"}],"version-history":[{"count":0,"href":"https:\/\/staging.healthyhead.dk\/de\/wp-json\/wp\/v2\/product\/267834\/revisions"}],"wp:featuredmedia":[{"embeddable":true,"href":"https:\/\/staging.healthyhead.dk\/de\/wp-json\/wp\/v2\/media\/259010"}],"wp:attachment":[{"href":"https:\/\/staging.healthyhead.dk\/de\/wp-json\/wp\/v2\/media?parent=267834"}],"wp:term":[{"taxonomy":"product_brand","embeddable":true,"href":"https:\/\/staging.healthyhead.dk\/de\/wp-json\/wp\/v2\/product_brand?post=267834"},{"taxonomy":"product_cat","embeddable":true,"href":"https:\/\/staging.healthyhead.dk\/de\/wp-json\/wp\/v2\/product_cat?post=267834"},{"taxonomy":"product_tag","embeddable":true,"href":"https:\/\/staging.healthyhead.dk\/de\/wp-json\/wp\/v2\/product_tag?post=267834"}],"curies":[{"name":"wp","href":"https:\/\/api.w.org\/{rel}","templated":true}]}}