{"id":265263,"date":"2025-05-27T10:28:58","date_gmt":"2025-05-27T10:28:58","guid":{"rendered":"https:\/\/new.healthyhead.dk\/vare\/zenz-shampoo-menthol-no-10-250-ml\/"},"modified":"2026-04-07T12:14:20","modified_gmt":"2026-04-07T12:14:20","slug":"zenz-shampoo-menthol-no-10-250-ml","status":"publish","type":"product","link":"https:\/\/staging.healthyhead.dk\/de\/produkt\/zenz-shampoo-menthol-no-10-250-ml\/","title":{"rendered":"Zenz, Shampoo Menthol No. 10, 250 ml"},"content":{"rendered":"","protected":false},"excerpt":{"rendered":"<p><img decoding=\"async\" class=\"alignnone\" src=\"\/wp-content\/uploads\/2024\/08\/Ingen-kemi.svg\" alt=\"Keine endokrinen Disruptoren\" width=\"46\" height=\"46\">Keine endokrinen Disruptoren<\/p>\n<p><img decoding=\"async\" class=\"\" src=\"\/wp-content\/uploads\/2024\/08\/Ingen-allergifremkaldende.svg\" alt=\"Nicht allergen\" width=\"46\" height=\"46\">Keine allergenen Stoffe<\/p>\n<p><img decoding=\"async\" class=\"\" src=\"\/wp-content\/uploads\/2024\/08\/Ingen-miljoebelastende.svg\" alt=\"Keine Auswirkungen auf die Umwelt\" width=\"46\" height=\"46\">Keine umweltsch\u00e4dlichen Stoffe<\/p>\n<p><img loading=\"lazy\" decoding=\"async\" class=\"\" src=\"\/wp-content\/uploads\/2024\/08\/indeholder-parfume.svg\" alt=\"enth\u00e4lt Parf\u00fcm\" width=\"46\" height=\"46\">Enth\u00e4lt Parf\u00fcm, das die Anforderungen f\u00fcr das Nordic Swan Ecolabel erf\u00fcllt<\/p>\n<p>&nbsp;<\/p>\n[cg_accordion title=\"Beschreibung\" open=\"open\"]Menthol No. 10 Shampoo von Zenz ist ein d\u00e4nisches Nordic Swan Ecolabel Haarshampoo mit einem milden Eukalyptusduft. Es enth\u00e4lt kaltgepresstes Bio-Avocado\u00f6l und gereinigte Aloe Vera. Die Formel des Shampoos regt die Blutzirkulation an und gibt den Haarfollikeln neue Energie. Es hat eine antiseptische und entfettende Wirkung und spendet gleichzeitig Feuchtigkeit. Geeignet f\u00fcr Haare, die sich schwer anf\u00fchlen oder zum Fetten neigen.<br \/>\n&nbsp;<\/p>\n<ul>\n<li><b>Nordic Swan Ecolabel<\/b> und <b>bio-zertifizierte<\/b> Pflegesp\u00fclung von Danish Zenz Organic<\/li>\n<li>Enth\u00e4lt kaltgepresstes <b>Bio-Avocado\u00f6l<\/b> und gereinigte <b>Aloe Vera<\/b><\/li>\n<li><b>Regt die Blutzirkulation an<\/b> und gibt den Haarfollikeln neue Energie<\/li>\n<li><b>Antiseptische und entfettende<\/b> Wirkung bei gleichzeitiger <b>Feuchtigkeitszufuhr<\/b><\/li>\n<li>Besonders geeignet f\u00fcr <b>fettiges Haar<\/b><\/li>\n<\/ul>\n<p><img loading=\"lazy\" decoding=\"async\" class=\"alignnone size-full wp-image-8764\" src=\"https:\/\/staging.healthyhead.dk\/wp-content\/uploads\/2024\/08\/certificeringer_zenz.jpg\" alt=\"\" width=\"480\" height=\"91\" srcset=\"https:\/\/staging.healthyhead.dk\/wp-content\/uploads\/2024\/08\/certificeringer_zenz.jpg 480w, https:\/\/staging.healthyhead.dk\/wp-content\/uploads\/2024\/08\/certificeringer_zenz-300x57.jpg 300w, https:\/\/staging.healthyhead.dk\/wp-content\/uploads\/2024\/08\/certificeringer_zenz-441x84.jpg 441w, https:\/\/staging.healthyhead.dk\/wp-content\/uploads\/2024\/08\/certificeringer_zenz-150x28.jpg 150w\" sizes=\"(max-width: 480px) 100vw, 480px\" \/><br \/>\n[\/cg_accordion]\n[cg_accordion title=\"Tipps f\u00fcr die Verwendung\"]<\/p>\n<ul>\n<li>Nach dem Waschen eine kleine Menge auf das Haar auftragen.<\/li>\n<li>Kann auf die Kopfhaut aufgetragen werden.<\/li>\n<li>2-3 Minuten warten und gr\u00fcndlich aussp\u00fclen. Zum Aussp\u00fclen oder als Leave-in-Conditioner verwenden. <\/li>\n<\/ul>\n<p>[\/cg_accordion]\n[cg_accordion title=\"Inhaltsstoffe\"]<\/p>\n<p><span data-contrast=\"auto\">Zenz Shampoo Menthol Nr. 10 enth\u00e4lt gereinigte Bio-Aloe Vera, Menthol, Bio-Kokosnusswasser und kaltgepresstes Bio-Avocado\u00f6l. <\/span><span data-ccp-props=\"{}\"> <\/span><\/p>\n<p><span data-contrast=\"auto\"><strong>Gereinigte Bio-Aloe-Vera<\/strong>. Aloe-vera-Gelee enth\u00e4lt 75 lebenswichtige Vitamine und Mineralien und hat hervorragende haut- und haarpflegende Eigenschaften. Es f\u00f6rdert die Blutzirkulation und bewahrt die Feuchtigkeit der Haut. Aloe vera lindert R\u00f6tungen und Juckreiz und hat daher auch eine gute Wirkung auf die Kopfhaut.    <\/span><span data-ccp-props=\"{}\"> <\/span><\/p>\n<p><span data-contrast=\"auto\"> <strong> Bio-Kokoswasser<\/strong> ist reich an Vitaminen und wichtigen Mineralien und versorgt das Haar mit viel Feuchtigkeit und N\u00e4hrstoffen.  <\/span><span data-ccp-props=\"{}\"> <\/span><\/p>\n<p><span data-contrast=\"auto\"><strong>Kaltgepresstes Bio-Avocado\u00f6l<\/strong>enth\u00e4lt eine Reihe von Mineralien und Vitaminen A, B1, B2, D und E. Es hat ausgezeichnete feuchtigkeitsspendende und n\u00e4hrende Eigenschaften und ist wirksam bei trockener und dehydrierter Haut und gut f\u00fcr die Kopfhaut. Es macht Haare und Haut glatter und weicher.   <\/span><span data-ccp-props=\"{}\"> <\/span><\/p>\n<p><b>INCI-Liste: <\/b>Aloe Barbadensis Leaf Extract*, Aqua, Sodium Coco-Sulfate, Coco-Glucoside, Glycerin, Sodium PCA, Maris Sal, Cocamidopropyl Betaine, Saccharide Isomerate, Sodium Levulinate, Menthol, Cocos- Nucifera Water*, Guar Hydroxypropyltrimonium Chloride, Tapioca Starch*, Persea Gratissima Oil*, Parfum, Citric Acid, Sodium Citrate, Sodium Benzoate, Potassium Sorbate.<\/p>\n<p>*Zutaten, die aus biologischem Anbau stammen.<\/p>\n<p>98% des gesamten Produkts sind nat\u00fcrlichen Ursprungs.<br \/>\n60% der gesamten Inhaltsstoffe sind aus kontrolliert biologischem Anbau.<\/p>\n<p>pH 5-5,5<\/p>\n<p>[\/cg_accordion]\n","protected":false},"featured_media":261574,"template":"","meta":{"_acf_changed":false},"product_brand":[572],"product_cat":[633],"product_tag":[],"class_list":{"0":"post-265263","1":"product","2":"type-product","3":"status-publish","4":"has-post-thumbnail","6":"product_brand-zenz","7":"product_cat-shampoo","9":"first","10":"instock","11":"taxable","12":"shipping-taxable","13":"purchasable","14":"product-type-simple"},"acf":[],"jetpack_sharing_enabled":true,"_links":{"self":[{"href":"https:\/\/staging.healthyhead.dk\/de\/wp-json\/wp\/v2\/product\/265263","targetHints":{"allow":["GET"]}}],"collection":[{"href":"https:\/\/staging.healthyhead.dk\/de\/wp-json\/wp\/v2\/product"}],"about":[{"href":"https:\/\/staging.healthyhead.dk\/de\/wp-json\/wp\/v2\/types\/product"}],"version-history":[{"count":0,"href":"https:\/\/staging.healthyhead.dk\/de\/wp-json\/wp\/v2\/product\/265263\/revisions"}],"wp:featuredmedia":[{"embeddable":true,"href":"https:\/\/staging.healthyhead.dk\/de\/wp-json\/wp\/v2\/media\/261574"}],"wp:attachment":[{"href":"https:\/\/staging.healthyhead.dk\/de\/wp-json\/wp\/v2\/media?parent=265263"}],"wp:term":[{"taxonomy":"product_brand","embeddable":true,"href":"https:\/\/staging.healthyhead.dk\/de\/wp-json\/wp\/v2\/product_brand?post=265263"},{"taxonomy":"product_cat","embeddable":true,"href":"https:\/\/staging.healthyhead.dk\/de\/wp-json\/wp\/v2\/product_cat?post=265263"},{"taxonomy":"product_tag","embeddable":true,"href":"https:\/\/staging.healthyhead.dk\/de\/wp-json\/wp\/v2\/product_tag?post=265263"}],"curies":[{"name":"wp","href":"https:\/\/api.w.org\/{rel}","templated":true}]}}